{"id":2001,"date":"2022-10-28T08:53:04","date_gmt":"2022-10-28T08:53:04","guid":{"rendered":"https:\/\/europfoods.es\/?page_id=2001"},"modified":"2023-05-18T07:44:25","modified_gmt":"2023-05-18T07:44:25","slug":"anuncios-para-socios-y-acreedores","status":"publish","type":"page","link":"https:\/\/europfoods.es\/es\/anuncios-para-socios-y-acreedores\/","title":{"rendered":"Anuncios para socios y acreedores"},"content":{"rendered":"<p>[et_pb_section fb_built=&#8221;1&#8243; fullwidth=&#8221;on&#8221; admin_label=&#8221;Header&#8221; _builder_version=&#8221;4.16&#8243; background_image=&#8221;https:\/\/europfoods.es\/wp-content\/uploads\/2022\/03\/banner-about-us.jpg&#8221; parallax=&#8221;on&#8221; custom_padding=&#8221;0|0px|0|0px|false|false&#8221; locked=&#8221;off&#8221; global_colors_info=&#8221;{}&#8221;][et_pb_fullwidth_header title=&#8221;Anuncios para socios y acreedores&#8221; button_one_url=&#8221;https:\/\/europfoods.es\/contact\/&#8221; content_max_width=&#8221;650px&#8221; content_max_width_tablet=&#8221;480px&#8221; content_max_width_phone=&#8221;&#8221; content_max_width_last_edited=&#8221;on|tablet&#8221; _builder_version=&#8221;4.18.1&#8243; title_font=&#8221;Abril Fatface||||||||&#8221; title_font_size=&#8221;72px&#8221; title_line_height=&#8221;1.2em&#8221; content_font=&#8221;Cabin||||||||&#8221; content_font_size=&#8221;18px&#8221; content_line_height=&#8221;1.8em&#8221; background_color=&#8221;rgba(255,255,255,0)&#8221; use_background_color_gradient=&#8221;on&#8221; background_color_gradient_type=&#8221;circular&#8221; background_color_gradient_direction_radial=&#8221;right&#8221; background_color_gradient_stops=&#8221;rgba(255,255,255,0) 0%|#ffffff 40%&#8221; background_color_gradient_start=&#8221;rgba(255,255,255,0)&#8221; background_color_gradient_end=&#8221;#ffffff&#8221; background_color_gradient_end_position=&#8221;40%&#8221; background_position=&#8221;center_left&#8221; custom_button_one=&#8221;on&#8221; button_one_text_size=&#8221;16px&#8221; button_one_text_color=&#8221;#ffffff&#8221; button_one_bg_color=&#8221;#ff6d4a&#8221; button_one_border_width=&#8221;15px&#8221; button_one_border_color=&#8221;#ff6d4a&#8221; button_one_border_radius=&#8221;4px&#8221; button_one_letter_spacing=&#8221;3px&#8221; button_one_font=&#8221;Cabin|700||on|||||&#8221; custom_button_two=&#8221;on&#8221; button_two_text_size=&#8221;16px&#8221; button_two_text_color=&#8221;#ffffff&#8221; button_two_bg_color=&#8221;#ff6d4a&#8221; button_two_border_width=&#8221;15px&#8221; button_two_border_color=&#8221;#ff6d4a&#8221; button_two_border_radius=&#8221;4px&#8221; button_two_letter_spacing=&#8221;3px&#8221; button_two_font=&#8221;Cabin|700||on|||||&#8221; background_layout=&#8221;light&#8221; custom_margin=&#8221;|||&#8221; custom_padding=&#8221;100px||100px||true&#8221; title_font_size_tablet=&#8221;&#8221; title_font_size_phone=&#8221;40px&#8221; title_font_size_last_edited=&#8221;on|phone&#8221; title_line_height_tablet=&#8221;&#8221; title_line_height_phone=&#8221;1.2em&#8221; title_line_height_last_edited=&#8221;on|phone&#8221; button_one_border_radius_hover=&#8221;4px&#8221; button_two_border_radius_hover=&#8221;4px&#8221; button_one_letter_spacing_hover=&#8221;3px&#8221; button_two_letter_spacing_hover=&#8221;3px&#8221; global_colors_info=&#8221;{}&#8221; button_one_text_size__hover_enabled=&#8221;off&#8221; button_two_text_size__hover_enabled=&#8221;off&#8221; button_one_text_color__hover_enabled=&#8221;off&#8221; button_two_text_color__hover_enabled=&#8221;off&#8221; button_one_border_width__hover_enabled=&#8221;off&#8221; button_two_border_width__hover_enabled=&#8221;off&#8221; button_one_border_color__hover_enabled=&#8221;off&#8221; button_two_border_color__hover_enabled=&#8221;off&#8221; button_one_border_radius__hover_enabled=&#8221;on&#8221; button_one_border_radius__hover=&#8221;4px&#8221; button_two_border_radius__hover_enabled=&#8221;on&#8221; button_two_border_radius__hover=&#8221;4px&#8221; button_one_letter_spacing__hover_enabled=&#8221;on&#8221; button_one_letter_spacing__hover=&#8221;3px&#8221; button_two_letter_spacing__hover_enabled=&#8221;on&#8221; button_two_letter_spacing__hover=&#8221;3px&#8221; button_one_bg_color__hover_enabled=&#8221;off&#8221; button_two_bg_color__hover_enabled=&#8221;off&#8221;][\/et_pb_fullwidth_header][\/et_pb_section][et_pb_section fb_built=&#8221;1&#8243; _builder_version=&#8221;4.18.1&#8243; _module_preset=&#8221;default&#8221; global_colors_info=&#8221;{}&#8221;][et_pb_row _builder_version=&#8221;4.18.1&#8243; _module_preset=&#8221;default&#8221; global_colors_info=&#8221;{}&#8221;][et_pb_column type=&#8221;4_4&#8243; _builder_version=&#8221;4.18.1&#8243; _module_preset=&#8221;default&#8221; global_colors_info=&#8221;{}&#8221;][et_pb_text _builder_version=&#8221;4.21.0&#8243; _module_preset=&#8221;default&#8221; hover_enabled=&#8221;0&#8243; global_colors_info=&#8221;{}&#8221; text_font=&#8221;Work Sans||||||||&#8221; sticky_enabled=&#8221;0&#8243;]<\/p>\n<p style=\"text-align: justify;\"><u>Anuncio de reducci\u00f3n de capital social por constituci\u00f3n de reserva voluntaria indisponible por cinco a\u00f1os<\/u><\/p>\n<p style=\"text-align: justify;\">Seg\u00fan lo previsto en el art\u00edculo 319 de la Ley de Sociedades de Capital (en adelante LSC) se hace p\u00fablico que la junta general universal de accionistas de EUROP FOODS SAU (en adelante, la \u201cSociedad\u201d), celebrada el 30 de junio de 2022, adopt\u00f3 por unanimidad el acuerdo de reducir el capital social por importe de 540.178,80 euros, con la finalidad de constituir una reserva voluntaria de car\u00e1cter indisponible hasta que transcurran cinco a\u00f1os a contar desde la publicaci\u00f3n de la reducci\u00f3n en el BORME, por el mismo importe de 540.178,80 \u20ac.<\/p>\n<p style=\"text-align: justify;\">Se establece dicha indisponibilidad al objeto de la exclusi\u00f3n de la responsabilidad solidaria de los socios contemplada en el art\u00edculo 331 del Real Decreto Legislativo 1\/2010.<\/p>\n<p style=\"text-align: justify;\">La reducci\u00f3n de capital se llevar\u00e1 a cabo mediante la amortizaci\u00f3n de ocho mil novecientos ochenta y ocho ( de la 1.001 a la 9.988, ambas inclusive ) acciones con un nominal de sesenta euros con diez c\u00e9ntimos de euro (60,10\u20ac). Por tanto, la reducci\u00f3n del capital social ser\u00e1 de quinientos cuarenta mil ciento setenta y ocho euros con ochenta c\u00e9ntimos de euro (540.178,80 \u20ac).<\/p>\n<p style=\"text-align: justify;\">Todo lo anterior se hace p\u00fablico a los efectos de que los acreedores de la Sociedad puedan formular su derecho de oposici\u00f3n a la citada reducci\u00f3n de capital en el plazo de un mes, en los t\u00e9rminos previstos en los art\u00edculos 334 y 336 de la LSC.<\/p>\n<p style=\"text-align: justify;\">Villajoyosa a 25 de octubre de 2022.- El administrador \u00fanico Don Robert Van Barneveld<\/p>\n<p>[\/et_pb_text][\/et_pb_column][\/et_pb_row][\/et_pb_section]<\/p>\n","protected":false},"excerpt":{"rendered":"<p>Anuncio de reducci\u00f3n de capital social por constituci\u00f3n de reserva voluntaria indisponible por cinco a\u00f1os Seg\u00fan lo previsto en el art\u00edculo 319 de la Ley de Sociedades de Capital (en adelante LSC) se hace p\u00fablico que la junta general universal de accionistas de EUROP FOODS SAU (en adelante, la \u201cSociedad\u201d), celebrada el 30 de junio [&hellip;]<\/p>\n","protected":false},"author":1,"featured_media":0,"parent":0,"menu_order":0,"comment_status":"closed","ping_status":"closed","template":"","meta":{"_et_pb_use_builder":"on","_et_pb_old_content":"","_et_gb_content_width":"","footnotes":""},"dipi_cpt_category":[],"class_list":["post-2001","page","type-page","status-publish","hentry"],"_links":{"self":[{"href":"https:\/\/europfoods.es\/es\/wp-json\/wp\/v2\/pages\/2001","targetHints":{"allow":["GET"]}}],"collection":[{"href":"https:\/\/europfoods.es\/es\/wp-json\/wp\/v2\/pages"}],"about":[{"href":"https:\/\/europfoods.es\/es\/wp-json\/wp\/v2\/types\/page"}],"author":[{"embeddable":true,"href":"https:\/\/europfoods.es\/es\/wp-json\/wp\/v2\/users\/1"}],"replies":[{"embeddable":true,"href":"https:\/\/europfoods.es\/es\/wp-json\/wp\/v2\/comments?post=2001"}],"version-history":[{"count":5,"href":"https:\/\/europfoods.es\/es\/wp-json\/wp\/v2\/pages\/2001\/revisions"}],"predecessor-version":[{"id":2794,"href":"https:\/\/europfoods.es\/es\/wp-json\/wp\/v2\/pages\/2001\/revisions\/2794"}],"wp:attachment":[{"href":"https:\/\/europfoods.es\/es\/wp-json\/wp\/v2\/media?parent=2001"}],"wp:term":[{"taxonomy":"dipi_cpt_category","embeddable":true,"href":"https:\/\/europfoods.es\/es\/wp-json\/wp\/v2\/dipi_cpt_category?post=2001"}],"curies":[{"name":"wp","href":"https:\/\/api.w.org\/{rel}","templated":true}]}}