{"id":4398,"date":"2024-11-12T10:16:35","date_gmt":"2024-11-12T10:16:35","guid":{"rendered":"https:\/\/europfoods.es\/?page_id=4398"},"modified":"2024-11-19T12:08:32","modified_gmt":"2024-11-19T12:08:32","slug":"trabaja-con-nosotros","status":"publish","type":"page","link":"https:\/\/europfoods.es\/es\/trabaja-con-nosotros\/","title":{"rendered":"Trabaja con Nosotros"},"content":{"rendered":"<p>[et_pb_section fb_built=&#8221;1&#8243; _builder_version=&#8221;4.27.3&#8243; _module_preset=&#8221;default&#8221; global_colors_info=&#8221;{}&#8221; custom_padding=&#8221;||0px|||&#8221; custom_margin=&#8221;||-60px|||&#8221;][\/et_pb_section][et_pb_section fb_built=&#8221;1&#8243; _builder_version=&#8221;4.27.3&#8243; _module_preset=&#8221;default&#8221; global_colors_info=&#8221;{}&#8221;][et_pb_row _builder_version=&#8221;4.27.3&#8243; _module_preset=&#8221;default&#8221; global_colors_info=&#8221;{}&#8221;][et_pb_column type=&#8221;4_4&#8243; _builder_version=&#8221;4.27.3&#8243; _module_preset=&#8221;default&#8221; global_colors_info=&#8221;{}&#8221;][et_pb_text _builder_version=&#8221;4.27.3&#8243; _module_preset=&#8221;default&#8221; header_font=&#8221;Inter|700|||||||&#8221; global_colors_info=&#8221;{}&#8221;]<\/p>\n<h1>Fueling Passion for Global Food \u2013 Join Our Team!<\/h1>\n<p>[\/et_pb_text][\/et_pb_column][\/et_pb_row][et_pb_row _builder_version=&#8221;4.27.3&#8243; _module_preset=&#8221;default&#8221; global_colors_info=&#8221;{}&#8221;][et_pb_column type=&#8221;4_4&#8243; _builder_version=&#8221;4.27.3&#8243; _module_preset=&#8221;default&#8221; global_colors_info=&#8221;{}&#8221;][et_pb_text _builder_version=&#8221;4.27.3&#8243; _module_preset=&#8221;default&#8221; global_colors_info=&#8221;{}&#8221;]<\/p>\n<table class=\"wp-list-table widefat fixed striped table-view-list forms\">\n<tbody id=\"the-list\" data-wp-lists=\"list:form\">\n<tr>\n<td class=\"shortcode column-shortcode\" data-colname=\"Shortcode\"><div class=\"wpforms-container wpforms-container-full\" id=\"wpforms-4436\"><form id=\"wpforms-form-4436\" class=\"wpforms-validate wpforms-form\" data-formid=\"4436\" method=\"post\" enctype=\"multipart\/form-data\" action=\"\/es\/wp-json\/wp\/v2\/pages\/4398?wpforms_form_id=4436\" data-token=\"06f25ad43486050405eb7571636d100e\" data-token-time=\"1777208942\"><noscript class=\"wpforms-error-noscript\">Por favor, activa JavaScript en tu navegador para completar este formulario.<\/noscript><div class=\"wpforms-field-container\"><div id=\"wpforms-4436-field_3-container\" class=\"wpforms-field wpforms-field-name\" data-field-id=\"3\"><label class=\"wpforms-field-label\">Name <span class=\"wpforms-required-label\">*<\/span><\/label><div class=\"wpforms-field-row wpforms-field-large\"><div class=\"wpforms-field-row-block wpforms-first wpforms-one-half\"><input type=\"text\" id=\"wpforms-4436-field_3\" class=\"wpforms-field-name-first wpforms-field-required\" name=\"wpforms[fields][3][first]\" required><label for=\"wpforms-4436-field_3\" class=\"wpforms-field-sublabel after\">Nombre<\/label><\/div><div class=\"wpforms-field-row-block wpforms-one-half\"><input type=\"text\" id=\"wpforms-4436-field_3-last\" class=\"wpforms-field-name-last wpforms-field-required\" name=\"wpforms[fields][3][last]\" required><label for=\"wpforms-4436-field_3-last\" class=\"wpforms-field-sublabel after\">Apellidos<\/label><\/div><\/div><\/div><div id=\"wpforms-4436-field_9-container\" class=\"wpforms-field wpforms-field-text\" data-field-id=\"9\"><label class=\"wpforms-field-label\" for=\"wpforms-4436-field_9\">City <span class=\"wpforms-required-label\">*<\/span><\/label><input type=\"text\" id=\"wpforms-4436-field_9\" class=\"wpforms-field-large wpforms-field-required\" name=\"wpforms[fields][9]\" required><\/div><div id=\"wpforms-4436-field_5-container\" class=\"wpforms-field wpforms-field-select wpforms-field-select-style-classic\" data-field-id=\"5\"><label class=\"wpforms-field-label\" for=\"wpforms-4436-field_5\">Department <span class=\"wpforms-required-label\">*<\/span><\/label><select id=\"wpforms-4436-field_5\" class=\"wpforms-field-large wpforms-field-required\" name=\"wpforms[fields][5]\" required=\"required\"><option value=\"Almac\u00e9n\"  class=\"choice-1 depth-1\"  >Almac\u00e9n<\/option><option value=\"Reparto\"  class=\"choice-2 depth-1\"  >Reparto<\/option><option value=\"Administraci\u00f3n\"  class=\"choice-3 depth-1\"  >Administraci\u00f3n<\/option><option value=\"Producci\u00f3n\"  class=\"choice-4 depth-1\"  >Producci\u00f3n<\/option><option value=\"Limpieza\"  class=\"choice-5 depth-1\"  >Limpieza<\/option><option value=\"Servicio T\u00e9cnico\"  class=\"choice-6 depth-1\"  >Servicio T\u00e9cnico<\/option><\/select><\/div><div id=\"wpforms-4436-field_6-container\" class=\"wpforms-field wpforms-field-email\" data-field-id=\"6\"><label class=\"wpforms-field-label\" for=\"wpforms-4436-field_6\">Email <span class=\"wpforms-required-label\">*<\/span><\/label><input type=\"email\" id=\"wpforms-4436-field_6\" class=\"wpforms-field-large wpforms-field-required\" name=\"wpforms[fields][6]\" spellcheck=\"false\" required><\/div><div id=\"wpforms-4436-field_7-container\" class=\"wpforms-field wpforms-field-textarea\" data-field-id=\"7\"><label class=\"wpforms-field-label\" for=\"wpforms-4436-field_7\">Message<\/label><textarea id=\"wpforms-4436-field_7\" class=\"wpforms-field-medium\" name=\"wpforms[fields][7]\" ><\/textarea><\/div><div id=\"wpforms-4436-field_8-container\" class=\"wpforms-field wpforms-field-file-upload\" data-field-id=\"8\"><label class=\"wpforms-field-label\" for=\"wpforms-4436-field_8\">Upload CV <span class=\"wpforms-required-label\">*<\/span><\/label><div\n\t\tclass=\"wpforms-uploader wpforms-field-required\"\n\t\tdata-field-id=\"8\"\n\t\tdata-form-id=\"4436\"\n\t\tdata-input-name=\"wpforms_4436_8\"\n\t\tdata-extensions=\"jpg,jpeg,jpe,gif,png,bmp,tiff,tif,webp,avif,ico,heic,heif,heics,heifs,asf,asx,wmv,wmx,wm,avi,divx,mov,qt,mpeg,mpg,mpe,mp4,m4v,ogv,webm,mkv,3gp,3gpp,3g2,3gp2,txt,asc,c,cc,h,srt,csv,tsv,ics,rtx,css,vtt,mp3,m4a,m4b,aac,ra,ram,wav,x-wav,ogg,oga,flac,mid,midi,wma,wax,mka,rtf,pdf,class,tar,zip,gz,gzip,rar,7z,psd,xcf,doc,pot,pps,ppt,wri,xla,xls,xlt,xlw,mpp,docx,docm,dotx,dotm,xlsx,xlsm,xlsb,xltx,xltm,xlam,pptx,pptm,ppsx,ppsm,potx,potm,ppam,sldx,sldm,onetoc,onetoc2,onepkg,oxps,xps,odt,odp,ods,odg,odc,odb,odf,wp,wpd,key,numbers,pages,ttf,otf,woff,woff2,svg,lottie,json\"\n\t\tdata-max-size=\"67108864\"\n\t\tdata-max-file-number=\"1\"\n\t\tdata-post-max-size=\"67108864\"\n\t\tdata-max-parallel-uploads=\"4\"\n\t\tdata-parallel-uploads=\"true\"\n\t\tdata-file-chunk-size=\"2097152\">\n\t<div class=\"dz-message\">\n\t\t<svg  viewBox=\"0 0 640 640\" focusable=\"false\" data-icon=\"inbox\" width=\"50px\" height=\"50px\" fill=\"currentColor\" aria-hidden=\"true\">\n\t\t\t<path d=\"M352 173.3L352 384C352 401.7 337.7 416 320 416C302.3 416 288 401.7 288 384L288 173.3L246.6 214.7C234.1 227.2 213.8 227.2 201.3 214.7C188.8 202.2 188.8 181.9 201.3 169.4L297.3 73.4C309.8 60.9 330.1 60.9 342.6 73.4L438.6 169.4C451.1 181.9 451.1 202.2 438.6 214.7C426.1 227.2 405.8 227.2 393.3 214.7L352 173.3zM320 464C364.2 464 400 428.2 400 384L480 384C515.3 384 544 412.7 544 448L544 480C544 515.3 515.3 544 480 544L160 544C124.7 544 96 515.3 96 480L96 448C96 412.7 124.7 384 160 384L240 384C240 428.2 275.8 464 320 464zM464 488C477.3 488 488 477.3 488 464C488 450.7 477.3 440 464 440C450.7 440 440 450.7 440 464C440 477.3 450.7 488 464 488z\"\/>\n\t\t<\/svg>\n\n\t\t<span class=\"modern-title\">\n\t\t\t\t\t\t\tDrag &amp; Drop Files, \t\t\t\t<span>Choose Files to Upload<\/span>\n\t\t\t\t\t<\/span>\n\n\t\t\t<\/div>\n<\/div>\n\n<input\n\t\ttype=\"text\"\n\t\tautocomplete=\"off\"\n\t\treadonly\n\t\tclass=\"dropzone-input\"\n\t\tstyle=\"position:absolute!important;clip:rect(0,0,0,0)!important;height:1px!important;width:1px!important;border:0!important;overflow:hidden!important;padding:0!important;margin:0!important;\"\n\t\tid=\"wpforms-4436-field_8\"\n\t\tname=\"wpforms_4436_8\" required\t\tvalue=\"\">\n<\/div><div id=\"wpforms-4436-field_10-container\" class=\"wpforms-field wpforms-field-checkbox\" data-field-id=\"10\"><ul id=\"wpforms-4436-field_10\" class=\"wpforms-field-required\"><li class=\"choice-1 depth-1\"><input type=\"checkbox\" id=\"wpforms-4436-field_10_1\" name=\"wpforms[fields][10][]\" value=\"He le\u00eddo y acepto el &lt;a href=&quot;https:\/\/europfoods.es\/aviso-legal\/\/&quot;&gt;Aviso Legal&lt;\/a&gt; y la &lt;a href=&quot;https:\/\/europfoods.es\/politica-de-privacidad\/&quot;&gt;Pol\u00edtica de Privacidad&lt;\/a&gt;\" required ><label class=\"wpforms-field-label-inline\" for=\"wpforms-4436-field_10_1\">He le\u00eddo y acepto el <a href=\"https:\/\/europfoods.es\/aviso-legal\/\/\">Aviso Legal<\/a> y la <a href=\"https:\/\/europfoods.es\/politica-de-privacidad\/\">Pol\u00edtica de Privacidad<\/a> <span class=\"wpforms-required-label\">*<\/span><\/label><\/li><\/ul><div class=\"wpforms-field-description wpforms-disclaimer-description\">EUROP FOODS S.A provisto de CIF n\u00ba A03740941, le informa que conforme dispone el Reglamento (UE) 2016\/679 del Parlamento Europeo y del Consejo, de 27 de abril de 2016, relativo a la protecci\u00f3n de las personas f\u00edsicas en lo referente al tratamiento de datos personales y a la libre circulaci\u00f3n de estos, que los datos personales facilitados y recogidos en esta solicitud de empleo o curr\u00edculum vitae, ser\u00e1n tratados e incluidos automatizadamente en los ficheros de datos personales bajo responsabilidad de EUROP FOODS, donde se recogen y almacenan los datos personales con la finalidad exclusiva de formar parte en los procesos de selecci\u00f3n de personal, bolsa de trabajo y contrataci\u00f3n que se lleven a cabo.<br \/>\n <br \/>\nEl interesado otorga su consentimiento para el tratamiento de sus datos personales con la finalidad anteriormente mencionada. En el supuesto de producirse alguna modificaci\u00f3n de sus datos personales, le solicitamos, nos lo comunique por escrito con la \u00fanica finalidad de mantener actualizada su solicitud de empleo o curr\u00edculum vitae.<br \/>\nEl titular de los datos personales consiente expresa e inequ\u00edvocamente a que sus datos personales se cedan a otras organizaciones interesadas en determinados perfiles de trabajo.<br \/>\n <br \/>\nEUROP FOODS, garantiza el buen uso de la informaci\u00f3n, y en especial, la plena confidencialidad de los datos de car\u00e1cter personal contenidos en nuestros ficheros, as\u00ed como el pleno cumplimiento de las obligaciones en materia de protecci\u00f3n de datos de car\u00e1cter personal.<br \/>\n <br \/>\nDe acuerdo con lo establecido en el Reglamento (UE) 2016\/679 del Parlamento Europeo y del Consejo, de 27 de abril de 2016, relativo a la protecci\u00f3n de las personas f\u00edsicas en lo referente al tratamiento de datos personales y a la libre circulaci\u00f3n de estos, EUROP FOODS se compromete a respetar su confidencialidad en el tratamiento de sus datos personales, y le informa que tiene derecho a ejercitar los derechos ARCO (derecho de acceso, rectificaci\u00f3n, cancelaci\u00f3n y oposici\u00f3n) de sus datos personales mediante solicitud escrita, adjuntando fotocopia del D.N.I., dirigida a EUROP FOODS S.A, con domicilio en: Polig Industrial Torres. Avda del Oficis n\u00ba42, 03570 de Villajoyosa (Alicante)<\/div><\/div><\/div><!-- .wpforms-field-container --><div class=\"wpforms-submit-container\" ><input type=\"hidden\" name=\"wpforms[id]\" value=\"4436\"><input type=\"hidden\" name=\"page_title\" value=\"\"><input type=\"hidden\" name=\"page_url\" value=\"https:\/\/europfoods.es\/es\/wp-json\/wp\/v2\/pages\/4398\"><input type=\"hidden\" name=\"url_referer\" value=\"\"><button type=\"submit\" name=\"wpforms[submit]\" id=\"wpforms-submit-4436\" class=\"wpforms-submit\" data-alt-text=\"Sending...\" data-submit-text=\"Submit\" aria-live=\"assertive\" value=\"wpforms-submit\">Submit<\/button><\/div><\/form><\/div>  <!-- .wpforms-container --><\/td>\n<\/tr>\n<\/tbody>\n<\/table>\n<p>[\/et_pb_text][\/et_pb_column][\/et_pb_row][\/et_pb_section]<\/p>\n","protected":false},"excerpt":{"rendered":"<p>Fueling Passion for Global Food \u2013 Join Our Team! <div class=\"wpforms-container wpforms-container-full\" id=\"wpforms-4436\"><form id=\"wpforms-form-4436\" class=\"wpforms-validate wpforms-form\" data-formid=\"4436\" method=\"post\" enctype=\"multipart\/form-data\" action=\"\/es\/wp-json\/wp\/v2\/pages\/4398?wpforms_form_id=4436\" data-token=\"06f25ad43486050405eb7571636d100e\" data-token-time=\"1777208943\"><noscript class=\"wpforms-error-noscript\">Por favor, activa JavaScript en tu navegador para completar este formulario.<\/noscript><div class=\"wpforms-field-container\"><div id=\"wpforms-4436-field_3-container\" class=\"wpforms-field wpforms-field-name\" data-field-id=\"3\"><label class=\"wpforms-field-label\">Name <span class=\"wpforms-required-label\">*<\/span><\/label><div class=\"wpforms-field-row wpforms-field-large\"><div class=\"wpforms-field-row-block wpforms-first wpforms-one-half\"><input type=\"text\" id=\"wpforms-4436-field_3\" class=\"wpforms-field-name-first wpforms-field-required\" name=\"wpforms[fields][3][first]\" required><label for=\"wpforms-4436-field_3\" class=\"wpforms-field-sublabel after\">Nombre<\/label><\/div><div class=\"wpforms-field-row-block wpforms-one-half\"><input type=\"text\" id=\"wpforms-4436-field_3-last\" class=\"wpforms-field-name-last wpforms-field-required\" name=\"wpforms[fields][3][last]\" required><label for=\"wpforms-4436-field_3-last\" class=\"wpforms-field-sublabel after\">Apellidos<\/label><\/div><\/div><\/div><div id=\"wpforms-4436-field_9-container\" class=\"wpforms-field wpforms-field-text\" data-field-id=\"9\"><label class=\"wpforms-field-label\" for=\"wpforms-4436-field_9\">City <span class=\"wpforms-required-label\">*<\/span><\/label><input type=\"text\" id=\"wpforms-4436-field_9\" class=\"wpforms-field-large wpforms-field-required\" name=\"wpforms[fields][9]\" required><\/div><div id=\"wpforms-4436-field_5-container\" class=\"wpforms-field wpforms-field-select wpforms-field-select-style-classic\" data-field-id=\"5\"><label class=\"wpforms-field-label\" for=\"wpforms-4436-field_5\">Department <span class=\"wpforms-required-label\">*<\/span><\/label><select id=\"wpforms-4436-field_5\" class=\"wpforms-field-large wpforms-field-required\" name=\"wpforms[fields][5]\" required=\"required\"><option value=\"Almac\u00e9n\"  class=\"choice-1 depth-1\"  >Almac\u00e9n<\/option><option value=\"Reparto\"  class=\"choice-2 depth-1\"  >Reparto<\/option><option value=\"Administraci\u00f3n\"  class=\"choice-3 depth-1\"  >Administraci\u00f3n<\/option><option value=\"Producci\u00f3n\"  class=\"choice-4 depth-1\"  >Producci\u00f3n<\/option><option value=\"Limpieza\"  class=\"choice-5 depth-1\"  >Limpieza<\/option><option value=\"Servicio T\u00e9cnico\"  class=\"choice-6 depth-1\"  >Servicio T\u00e9cnico<\/option><\/select><\/div><div id=\"wpforms-4436-field_6-container\" class=\"wpforms-field wpforms-field-email\" data-field-id=\"6\"><label class=\"wpforms-field-label\" for=\"wpforms-4436-field_6\">Email <span class=\"wpforms-required-label\">*<\/span><\/label><input type=\"email\" id=\"wpforms-4436-field_6\" class=\"wpforms-field-large wpforms-field-required\" name=\"wpforms[fields][6]\" spellcheck=\"false\" required><\/div><div id=\"wpforms-4436-field_7-container\" class=\"wpforms-field wpforms-field-textarea\" data-field-id=\"7\"><label class=\"wpforms-field-label\" for=\"wpforms-4436-field_7\">Message<\/label><textarea id=\"wpforms-4436-field_7\" class=\"wpforms-field-medium\" name=\"wpforms[fields][7]\" ><\/textarea><\/div><div id=\"wpforms-4436-field_8-container\" class=\"wpforms-field wpforms-field-file-upload\" data-field-id=\"8\"><label class=\"wpforms-field-label\" for=\"wpforms-4436-field_8\">Upload CV <span class=\"wpforms-required-label\">*<\/span><\/label><div\n\t\tclass=\"wpforms-uploader wpforms-field-required\"\n\t\tdata-field-id=\"8\"\n\t\tdata-form-id=\"4436\"\n\t\tdata-input-name=\"wpforms_4436_8\"\n\t\tdata-extensions=\"jpg,jpeg,jpe,gif,png,bmp,tiff,tif,webp,avif,ico,heic,heif,heics,heifs,asf,asx,wmv,wmx,wm,avi,divx,mov,qt,mpeg,mpg,mpe,mp4,m4v,ogv,webm,mkv,3gp,3gpp,3g2,3gp2,txt,asc,c,cc,h,srt,csv,tsv,ics,rtx,css,vtt,mp3,m4a,m4b,aac,ra,ram,wav,x-wav,ogg,oga,flac,mid,midi,wma,wax,mka,rtf,pdf,class,tar,zip,gz,gzip,rar,7z,psd,xcf,doc,pot,pps,ppt,wri,xla,xls,xlt,xlw,mpp,docx,docm,dotx,dotm,xlsx,xlsm,xlsb,xltx,xltm,xlam,pptx,pptm,ppsx,ppsm,potx,potm,ppam,sldx,sldm,onetoc,onetoc2,onepkg,oxps,xps,odt,odp,ods,odg,odc,odb,odf,wp,wpd,key,numbers,pages,ttf,otf,woff,woff2,svg,lottie,json\"\n\t\tdata-max-size=\"67108864\"\n\t\tdata-max-file-number=\"1\"\n\t\tdata-post-max-size=\"67108864\"\n\t\tdata-max-parallel-uploads=\"4\"\n\t\tdata-parallel-uploads=\"true\"\n\t\tdata-file-chunk-size=\"2097152\">\n\t<div class=\"dz-message\">\n\t\t<svg  viewBox=\"0 0 640 640\" focusable=\"false\" data-icon=\"inbox\" width=\"50px\" height=\"50px\" fill=\"currentColor\" aria-hidden=\"true\">\n\t\t\t<path d=\"M352 173.3L352 384C352 401.7 337.7 416 320 416C302.3 416 288 401.7 288 384L288 173.3L246.6 214.7C234.1 227.2 213.8 227.2 201.3 214.7C188.8 202.2 188.8 181.9 201.3 169.4L297.3 73.4C309.8 60.9 330.1 60.9 342.6 73.4L438.6 169.4C451.1 181.9 451.1 202.2 438.6 214.7C426.1 227.2 405.8 227.2 393.3 214.7L352 173.3zM320 464C364.2 464 400 428.2 400 384L480 384C515.3 384 544 412.7 544 448L544 480C544 515.3 515.3 544 480 544L160 544C124.7 544 96 515.3 96 480L96 448C96 412.7 124.7 384 160 384L240 384C240 428.2 275.8 464 320 464zM464 488C477.3 488 488 477.3 488 464C488 450.7 477.3 440 464 440C450.7 440 440 450.7 440 464C440 477.3 450.7 488 464 488z\"\/>\n\t\t<\/svg>\n\n\t\t<span class=\"modern-title\">\n\t\t\t\t\t\t\tDrag &amp; Drop Files, \t\t\t\t<span>Choose Files to Upload<\/span>\n\t\t\t\t\t<\/span>\n\n\t\t\t<\/div>\n<\/div>\n\n<input\n\t\ttype=\"text\"\n\t\tautocomplete=\"off\"\n\t\treadonly\n\t\tclass=\"dropzone-input\"\n\t\tstyle=\"position:absolute!important;clip:rect(0,0,0,0)!important;height:1px!important;width:1px!important;border:0!important;overflow:hidden!important;padding:0!important;margin:0!important;\"\n\t\tid=\"wpforms-4436-field_8\"\n\t\tname=\"wpforms_4436_8\" required\t\tvalue=\"\">\n<\/div><div id=\"wpforms-4436-field_10-container\" class=\"wpforms-field wpforms-field-checkbox\" data-field-id=\"10\"><ul id=\"wpforms-4436-field_10\" class=\"wpforms-field-required\"><li class=\"choice-1 depth-1\"><input type=\"checkbox\" id=\"wpforms-4436-field_10_1\" name=\"wpforms[fields][10][]\" value=\"He le\u00eddo y acepto el &lt;a href=&quot;https:\/\/europfoods.es\/aviso-legal\/\/&quot;&gt;Aviso Legal&lt;\/a&gt; y la &lt;a href=&quot;https:\/\/europfoods.es\/politica-de-privacidad\/&quot;&gt;Pol\u00edtica de Privacidad&lt;\/a&gt;\" required ><label class=\"wpforms-field-label-inline\" for=\"wpforms-4436-field_10_1\">He le\u00eddo y acepto el <a href=\"https:\/\/europfoods.es\/aviso-legal\/\/\">Aviso Legal<\/a> y la <a href=\"https:\/\/europfoods.es\/politica-de-privacidad\/\">Pol\u00edtica de Privacidad<\/a> <span class=\"wpforms-required-label\">*<\/span><\/label><\/li><\/ul><div class=\"wpforms-field-description wpforms-disclaimer-description\">EUROP FOODS S.A provisto de CIF n\u00ba A03740941, le informa que conforme dispone el Reglamento (UE) 2016\/679 del Parlamento Europeo y del Consejo, de 27 de abril de 2016, relativo a la protecci\u00f3n de las personas f\u00edsicas en lo referente al tratamiento de datos personales y a la libre circulaci\u00f3n de estos, que los datos personales facilitados y recogidos en esta solicitud de empleo o curr\u00edculum vitae, ser\u00e1n tratados e incluidos automatizadamente en los ficheros de datos personales bajo responsabilidad de EUROP FOODS, donde se recogen y almacenan los datos personales con la finalidad exclusiva de formar parte en los procesos de selecci\u00f3n de personal, bolsa de trabajo y contrataci\u00f3n que se lleven a cabo.<br \/>\n <br \/>\nEl interesado otorga su consentimiento para el tratamiento de sus datos personales con la finalidad anteriormente mencionada. En el supuesto de producirse alguna modificaci\u00f3n de sus datos personales, le solicitamos, nos lo comunique por escrito con la \u00fanica finalidad de mantener actualizada su solicitud de empleo o curr\u00edculum vitae.<br \/>\nEl titular de los datos personales consiente expresa e inequ\u00edvocamente a que sus datos personales se cedan a otras organizaciones interesadas en determinados perfiles de trabajo.<br \/>\n <br \/>\nEUROP FOODS, garantiza el buen uso de la informaci\u00f3n, y en especial, la plena confidencialidad de los datos de car\u00e1cter personal contenidos en nuestros ficheros, as\u00ed como el pleno cumplimiento de las obligaciones en materia de protecci\u00f3n de datos de car\u00e1cter personal.<br \/>\n <br \/>\nDe acuerdo con lo establecido en el Reglamento (UE) 2016\/679 del Parlamento Europeo y del Consejo, de 27 de abril de 2016, relativo a la protecci\u00f3n de las personas f\u00edsicas en lo referente al tratamiento de datos personales y a la libre circulaci\u00f3n de estos, EUROP FOODS se compromete a respetar su confidencialidad en el tratamiento de sus datos personales, y le informa que tiene derecho a ejercitar los derechos ARCO (derecho de acceso, rectificaci\u00f3n, cancelaci\u00f3n y oposici\u00f3n) de sus datos personales mediante solicitud escrita, adjuntando fotocopia del D.N.I., dirigida a EUROP FOODS S.A, con domicilio en: Polig Industrial Torres. Avda del Oficis n\u00ba42, 03570 de Villajoyosa (Alicante)<\/div><\/div><\/div><!-- .wpforms-field-container --><div class=\"wpforms-submit-container\" ><input type=\"hidden\" name=\"wpforms[id]\" value=\"4436\"><input type=\"hidden\" name=\"page_title\" value=\"\"><input type=\"hidden\" name=\"page_url\" value=\"https:\/\/europfoods.es\/es\/wp-json\/wp\/v2\/pages\/4398\"><input type=\"hidden\" name=\"url_referer\" value=\"\"><button type=\"submit\" name=\"wpforms[submit]\" id=\"wpforms-submit-4436\" class=\"wpforms-submit\" data-alt-text=\"Sending...\" data-submit-text=\"Submit\" aria-live=\"assertive\" value=\"wpforms-submit\">Submit<\/button><\/div><\/form><\/div>  <!-- .wpforms-container --><\/p>\n","protected":false},"author":1,"featured_media":0,"parent":0,"menu_order":0,"comment_status":"closed","ping_status":"closed","template":"","meta":{"_et_pb_use_builder":"on","_et_pb_old_content":"","_et_gb_content_width":"","footnotes":""},"dipi_cpt_category":[],"class_list":["post-4398","page","type-page","status-publish","hentry"],"_links":{"self":[{"href":"https:\/\/europfoods.es\/es\/wp-json\/wp\/v2\/pages\/4398","targetHints":{"allow":["GET"]}}],"collection":[{"href":"https:\/\/europfoods.es\/es\/wp-json\/wp\/v2\/pages"}],"about":[{"href":"https:\/\/europfoods.es\/es\/wp-json\/wp\/v2\/types\/page"}],"author":[{"embeddable":true,"href":"https:\/\/europfoods.es\/es\/wp-json\/wp\/v2\/users\/1"}],"replies":[{"embeddable":true,"href":"https:\/\/europfoods.es\/es\/wp-json\/wp\/v2\/comments?post=4398"}],"version-history":[{"count":8,"href":"https:\/\/europfoods.es\/es\/wp-json\/wp\/v2\/pages\/4398\/revisions"}],"predecessor-version":[{"id":4440,"href":"https:\/\/europfoods.es\/es\/wp-json\/wp\/v2\/pages\/4398\/revisions\/4440"}],"wp:attachment":[{"href":"https:\/\/europfoods.es\/es\/wp-json\/wp\/v2\/media?parent=4398"}],"wp:term":[{"taxonomy":"dipi_cpt_category","embeddable":true,"href":"https:\/\/europfoods.es\/es\/wp-json\/wp\/v2\/dipi_cpt_category?post=4398"}],"curies":[{"name":"wp","href":"https:\/\/api.w.org\/{rel}","templated":true}]}}