{"id":2185,"date":"2023-03-31T08:09:00","date_gmt":"2023-03-31T08:09:00","guid":{"rendered":"https:\/\/europfoods.es\/?post_type=product&#038;p=2185"},"modified":"2023-11-10T08:24:22","modified_gmt":"2023-11-10T08:24:22","slug":"yellow-curry-paste","status":"publish","type":"product","link":"https:\/\/europfoods.es\/es\/producto\/yellow-curry-paste\/","title":{"rendered":"Pasta de Curry Amarillo"},"content":{"rendered":"<p>[et_pb_section fb_built=&#8221;1&#8243; _builder_version=&#8221;4.16&#8243; custom_padding=&#8221;0px||||false|false&#8221; global_colors_info=&#8221;{}&#8221;][et_pb_row _builder_version=&#8221;4.16&#8243; background_size=&#8221;initial&#8221; background_position=&#8221;top_left&#8221; background_repeat=&#8221;repeat&#8221; width=&#8221;100%&#8221; custom_padding=&#8221;0px||0px||false|false&#8221; global_colors_info=&#8221;{}&#8221;][et_pb_column type=&#8221;4_4&#8243; _builder_version=&#8221;4.16&#8243; custom_padding=&#8221;|||&#8221; global_colors_info=&#8221;{}&#8221; custom_padding__hover=&#8221;|||&#8221;][et_pb_wc_breadcrumb _builder_version=&#8221;4.16&#8243; global_colors_info=&#8221;{}&#8221;][\/et_pb_wc_breadcrumb][\/et_pb_column][\/et_pb_row][et_pb_row column_structure=&#8221;1_2,1_2&#8243; _builder_version=&#8221;4.16&#8243; background_size=&#8221;initial&#8221; background_position=&#8221;top_left&#8221; background_repeat=&#8221;repeat&#8221; width=&#8221;100%&#8221; custom_padding=&#8221;0px||||false|false&#8221; global_colors_info=&#8221;{}&#8221;][et_pb_column type=&#8221;1_2&#8243; _builder_version=&#8221;4.16&#8243; custom_padding=&#8221;|||&#8221; global_colors_info=&#8221;{}&#8221; custom_padding__hover=&#8221;|||&#8221;][et_pb_wc_images _builder_version=&#8221;4.16&#8243; global_colors_info=&#8221;{}&#8221;][\/et_pb_wc_images][\/et_pb_column][et_pb_column type=&#8221;1_2&#8243; _builder_version=&#8221;4.16&#8243; custom_padding=&#8221;|||&#8221; global_colors_info=&#8221;{}&#8221; custom_padding__hover=&#8221;|||&#8221;][et_pb_wc_title _builder_version=&#8221;4.16&#8243; global_colors_info=&#8221;{}&#8221;][\/et_pb_wc_title][et_pb_wc_rating _builder_version=&#8221;4.16&#8243; global_colors_info=&#8221;{}&#8221;][\/et_pb_wc_rating][et_pb_wc_price _builder_version=&#8221;4.16&#8243; global_colors_info=&#8221;{}&#8221;][\/et_pb_wc_price][et_pb_wc_description _builder_version=&#8221;4.16&#8243; global_colors_info=&#8221;{}&#8221;][\/et_pb_wc_description][et_pb_wc_add_to_cart _builder_version=&#8221;4.16&#8243; global_colors_info=&#8221;{}&#8221;][\/et_pb_wc_add_to_cart][et_pb_wc_meta _builder_version=&#8221;4.16&#8243; global_colors_info=&#8221;{}&#8221;][\/et_pb_wc_meta][\/et_pb_column][\/et_pb_row][\/et_pb_section]<\/p>\n","protected":false},"excerpt":{"rendered":"<p><strong><a href=\"https:\/\/europfoods.es\/wp-content\/uploads\/2023\/11\/0544.pdf\">Descargar Ficha T\u00e9cnica<\/a><\/strong><\/p>\n<div id=\"chatHistory\" class=\"sc-c723beb6-3 gZeeiR\">\n<div class=\"sc-c723beb6-1 rylwX\">\n<div class=\"sc-c723beb6-2 kUgMUh\">\n<div class=\"sc-c1820906-0 bqCzbR\">\n<div class=\"sc-c723beb6-4 nclLe\" data-testid=\"youchat-answer-turn-0\">\n<p class=\"sc-98942fc5-0 JcSiB\" data-testid=\"youchat-text\">La pasta de curry amarillo es un condimento sabroso y vers\u00e1til que es un b\u00e1sico en muchas cocinas del sudeste asi\u00e1tico.<\/p>\n<p class=\"sc-98942fc5-0 JcSiB\" data-testid=\"youchat-text\">Nuestra pasta de curry amarillo se puede usar para crear una variedad de platos deliciosos, como sopas de curry, salteados, marinados y salsas para mojar. Ya seas fan\u00e1tico de la comida picante o est\u00e9s buscando probar algo nuevo, nuestra pasta de curry amarillo de alta calidad es un imprescindible en tu despensa. Lleva los sabores ex\u00f3ticos de Tailandia a tus comidas con nuestra pasta de curry amarillo premium.<\/p>\n<\/div>\n<\/div>\n<\/div>\n<\/div>\n<\/div>","protected":false},"featured_media":2186,"template":"","meta":{"_et_pb_use_builder":"on","_et_pb_old_content":"","_et_gb_content_width":""},"product_brand":[],"product_cat":[57],"product_tag":[],"class_list":{"0":"post-2185","1":"product","2":"type-product","3":"status-publish","4":"has-post-thumbnail","6":"product_cat-sin-categorizar","8":"first","9":"instock","10":"shipping-taxable","11":"product-type-simple"},"_links":{"self":[{"href":"https:\/\/europfoods.es\/es\/wp-json\/wp\/v2\/product\/2185","targetHints":{"allow":["GET"]}}],"collection":[{"href":"https:\/\/europfoods.es\/es\/wp-json\/wp\/v2\/product"}],"about":[{"href":"https:\/\/europfoods.es\/es\/wp-json\/wp\/v2\/types\/product"}],"wp:featuredmedia":[{"embeddable":true,"href":"https:\/\/europfoods.es\/es\/wp-json\/wp\/v2\/media\/2186"}],"wp:attachment":[{"href":"https:\/\/europfoods.es\/es\/wp-json\/wp\/v2\/media?parent=2185"}],"wp:term":[{"taxonomy":"product_brand","embeddable":true,"href":"https:\/\/europfoods.es\/es\/wp-json\/wp\/v2\/product_brand?post=2185"},{"taxonomy":"product_cat","embeddable":true,"href":"https:\/\/europfoods.es\/es\/wp-json\/wp\/v2\/product_cat?post=2185"},{"taxonomy":"product_tag","embeddable":true,"href":"https:\/\/europfoods.es\/es\/wp-json\/wp\/v2\/product_tag?post=2185"}],"curies":[{"name":"wp","href":"https:\/\/api.w.org\/{rel}","templated":true}]}}